{"id":1077,"date":"2021-07-08T23:10:11","date_gmt":"2021-07-08T23:10:11","guid":{"rendered":"https:\/\/redesign.wiremesh-protec.de\/products\/filters\/bergbau\/"},"modified":"2024-10-15T12:42:18","modified_gmt":"2024-10-15T10:42:18","slug":"mining","status":"publish","type":"page","link":"https:\/\/wiremesh-protec.de\/en\/application\/mining\/","title":{"rendered":"Mining"},"content":{"rendered":"<p>When mining coal, ores or salts underground, both men and equipment are exposed to extreme operating conditions. The special safety requirements demand suitable and proven operating material. In the field of filtration, we thus provide proven filter media that are adjusted to various filtering systems.<\/p>\n<h2>Fields of application<\/h2>\n","protected":false},"excerpt":{"rendered":"<p>When mining coal, ores or salts underground, both men and equipment are exposed to extreme operating conditions. The special safety requirements demand suitable and proven operating material. In the field of filtration, we thus provide proven filter media that are adjusted to various filtering systems. Fields of application<\/p>\n","protected":false},"author":1,"featured_media":2208,"parent":1579,"menu_order":0,"comment_status":"closed","ping_status":"closed","template":"","meta":{"_acf_changed":false,"footnotes":""},"class_list":["post-1077","page","type-page","status-publish","has-post-thumbnail","hentry"],"acf":[],"yoast_head":"<!-- This site is optimized with the Yoast SEO plugin v25.7 - https:\/\/yoast.com\/wordpress\/plugins\/seo\/ -->\n<title>Mining - Wiremesh-ProTec - Filtertechnik<\/title>\n<meta name=\"description\" content=\"Wiremesh\u2013ProTec GmbH verf\u00fcgt \u00fcber langj\u00e4hrige Erfahrung, exzellente Branchenkenntnisse und ist bestens vertraut mit zahlreichen Einsatzbereichen.\" \/>\n<meta name=\"robots\" content=\"index, follow, max-snippet:-1, max-image-preview:large, max-video-preview:-1\" \/>\n<link rel=\"canonical\" href=\"https:\/\/wiremesh-protec.de\/en\/application\/mining\/\" \/>\n<meta property=\"og:locale\" content=\"en_US\" \/>\n<meta property=\"og:type\" content=\"article\" \/>\n<meta property=\"og:title\" content=\"Mining - Wiremesh-ProTec - Filtertechnik\" \/>\n<meta property=\"og:description\" content=\"Wiremesh\u2013ProTec GmbH verf\u00fcgt \u00fcber langj\u00e4hrige Erfahrung, exzellente Branchenkenntnisse und ist bestens vertraut mit zahlreichen Einsatzbereichen.\" \/>\n<meta property=\"og:url\" content=\"https:\/\/wiremesh-protec.de\/en\/application\/mining\/\" \/>\n<meta property=\"og:site_name\" content=\"Wiremesh-ProTec\" \/>\n<meta property=\"article:modified_time\" content=\"2024-10-15T10:42:18+00:00\" \/>\n<meta property=\"og:image\" content=\"https:\/\/wiremesh-protec.de\/wp-content\/uploads\/2024\/10\/Filterelemente_ab_10-1-1024x504.png\" \/>\n\t<meta property=\"og:image:width\" content=\"1024\" \/>\n\t<meta property=\"og:image:height\" content=\"504\" \/>\n\t<meta property=\"og:image:type\" content=\"image\/png\" \/>\n<meta name=\"twitter:card\" content=\"summary_large_image\" \/>\n<meta name=\"twitter:label1\" content=\"Est. reading time\" \/>\n\t<meta name=\"twitter:data1\" content=\"1 minute\" \/>\n<script type=\"application\/ld+json\" class=\"yoast-schema-graph\">{\"@context\":\"https:\/\/schema.org\",\"@graph\":[{\"@type\":\"WebPage\",\"@id\":\"https:\/\/wiremesh-protec.de\/en\/application\/mining\/\",\"url\":\"https:\/\/wiremesh-protec.de\/en\/application\/mining\/\",\"name\":\"Mining - Wiremesh-ProTec - Filtertechnik\",\"isPartOf\":{\"@id\":\"https:\/\/wiremesh-protec.de\/en\/#website\"},\"primaryImageOfPage\":{\"@id\":\"https:\/\/wiremesh-protec.de\/en\/application\/mining\/#primaryimage\"},\"image\":{\"@id\":\"https:\/\/wiremesh-protec.de\/en\/application\/mining\/#primaryimage\"},\"thumbnailUrl\":\"https:\/\/wiremesh-protec.de\/wp-content\/uploads\/2024\/10\/Filterelemente_ab_10-1.png\",\"datePublished\":\"2021-07-08T23:10:11+00:00\",\"dateModified\":\"2024-10-15T10:42:18+00:00\",\"description\":\"Wiremesh\u2013ProTec GmbH verf\u00fcgt \u00fcber langj\u00e4hrige Erfahrung, exzellente Branchenkenntnisse und ist bestens vertraut mit zahlreichen Einsatzbereichen.\",\"breadcrumb\":{\"@id\":\"https:\/\/wiremesh-protec.de\/en\/application\/mining\/#breadcrumb\"},\"inLanguage\":\"en-US\",\"potentialAction\":[{\"@type\":\"ReadAction\",\"target\":[\"https:\/\/wiremesh-protec.de\/en\/application\/mining\/\"]}]},{\"@type\":\"ImageObject\",\"inLanguage\":\"en-US\",\"@id\":\"https:\/\/wiremesh-protec.de\/en\/application\/mining\/#primaryimage\",\"url\":\"https:\/\/wiremesh-protec.de\/wp-content\/uploads\/2024\/10\/Filterelemente_ab_10-1.png\",\"contentUrl\":\"https:\/\/wiremesh-protec.de\/wp-content\/uploads\/2024\/10\/Filterelemente_ab_10-1.png\",\"width\":6000,\"height\":2952,\"caption\":\"10\u00b5m\"},{\"@type\":\"BreadcrumbList\",\"@id\":\"https:\/\/wiremesh-protec.de\/en\/application\/mining\/#breadcrumb\",\"itemListElement\":[{\"@type\":\"ListItem\",\"position\":1,\"name\":\"Home\",\"item\":\"https:\/\/wiremesh-protec.de\/en\/\"},{\"@type\":\"ListItem\",\"position\":2,\"name\":\"Application\",\"item\":\"https:\/\/wiremesh-protec.de\/en\/application\/\"},{\"@type\":\"ListItem\",\"position\":3,\"name\":\"Mining\"}]},{\"@type\":\"WebSite\",\"@id\":\"https:\/\/wiremesh-protec.de\/en\/#website\",\"url\":\"https:\/\/wiremesh-protec.de\/en\/\",\"name\":\"Wiremesh-ProTec\",\"description\":\"\",\"publisher\":{\"@id\":\"https:\/\/wiremesh-protec.de\/en\/#organization\"},\"potentialAction\":[{\"@type\":\"SearchAction\",\"target\":{\"@type\":\"EntryPoint\",\"urlTemplate\":\"https:\/\/wiremesh-protec.de\/en\/?s={search_term_string}\"},\"query-input\":{\"@type\":\"PropertyValueSpecification\",\"valueRequired\":true,\"valueName\":\"search_term_string\"}}],\"inLanguage\":\"en-US\"},{\"@type\":\"Organization\",\"@id\":\"https:\/\/wiremesh-protec.de\/en\/#organization\",\"name\":\"Wiremesh ProTec GmbH\",\"url\":\"https:\/\/wiremesh-protec.de\/en\/\",\"logo\":{\"@type\":\"ImageObject\",\"inLanguage\":\"en-US\",\"@id\":\"https:\/\/wiremesh-protec.de\/en\/#\/schema\/logo\/image\/\",\"url\":\"https:\/\/redesign.wiremesh-protec.de\/wp-content\/uploads\/2021\/07\/wiremesh-protec-logo.jpg\",\"contentUrl\":\"https:\/\/redesign.wiremesh-protec.de\/wp-content\/uploads\/2021\/07\/wiremesh-protec-logo.jpg\",\"width\":500,\"height\":500,\"caption\":\"Wiremesh ProTec GmbH\"},\"image\":{\"@id\":\"https:\/\/wiremesh-protec.de\/en\/#\/schema\/logo\/image\/\"}}]}<\/script>\n<!-- \/ Yoast SEO plugin. -->","yoast_head_json":{"title":"Mining - Wiremesh-ProTec - Filtertechnik","description":"Wiremesh\u2013ProTec GmbH verf\u00fcgt \u00fcber langj\u00e4hrige Erfahrung, exzellente Branchenkenntnisse und ist bestens vertraut mit zahlreichen Einsatzbereichen.","robots":{"index":"index","follow":"follow","max-snippet":"max-snippet:-1","max-image-preview":"max-image-preview:large","max-video-preview":"max-video-preview:-1"},"canonical":"https:\/\/wiremesh-protec.de\/en\/application\/mining\/","og_locale":"en_US","og_type":"article","og_title":"Mining - Wiremesh-ProTec - Filtertechnik","og_description":"Wiremesh\u2013ProTec GmbH verf\u00fcgt \u00fcber langj\u00e4hrige Erfahrung, exzellente Branchenkenntnisse und ist bestens vertraut mit zahlreichen Einsatzbereichen.","og_url":"https:\/\/wiremesh-protec.de\/en\/application\/mining\/","og_site_name":"Wiremesh-ProTec","article_modified_time":"2024-10-15T10:42:18+00:00","og_image":[{"width":1024,"height":504,"url":"https:\/\/wiremesh-protec.de\/wp-content\/uploads\/2024\/10\/Filterelemente_ab_10-1-1024x504.png","type":"image\/png"}],"twitter_card":"summary_large_image","twitter_misc":{"Est. reading time":"1 minute"},"schema":{"@context":"https:\/\/schema.org","@graph":[{"@type":"WebPage","@id":"https:\/\/wiremesh-protec.de\/en\/application\/mining\/","url":"https:\/\/wiremesh-protec.de\/en\/application\/mining\/","name":"Mining - Wiremesh-ProTec - Filtertechnik","isPartOf":{"@id":"https:\/\/wiremesh-protec.de\/en\/#website"},"primaryImageOfPage":{"@id":"https:\/\/wiremesh-protec.de\/en\/application\/mining\/#primaryimage"},"image":{"@id":"https:\/\/wiremesh-protec.de\/en\/application\/mining\/#primaryimage"},"thumbnailUrl":"https:\/\/wiremesh-protec.de\/wp-content\/uploads\/2024\/10\/Filterelemente_ab_10-1.png","datePublished":"2021-07-08T23:10:11+00:00","dateModified":"2024-10-15T10:42:18+00:00","description":"Wiremesh\u2013ProTec GmbH verf\u00fcgt \u00fcber langj\u00e4hrige Erfahrung, exzellente Branchenkenntnisse und ist bestens vertraut mit zahlreichen Einsatzbereichen.","breadcrumb":{"@id":"https:\/\/wiremesh-protec.de\/en\/application\/mining\/#breadcrumb"},"inLanguage":"en-US","potentialAction":[{"@type":"ReadAction","target":["https:\/\/wiremesh-protec.de\/en\/application\/mining\/"]}]},{"@type":"ImageObject","inLanguage":"en-US","@id":"https:\/\/wiremesh-protec.de\/en\/application\/mining\/#primaryimage","url":"https:\/\/wiremesh-protec.de\/wp-content\/uploads\/2024\/10\/Filterelemente_ab_10-1.png","contentUrl":"https:\/\/wiremesh-protec.de\/wp-content\/uploads\/2024\/10\/Filterelemente_ab_10-1.png","width":6000,"height":2952,"caption":"10\u00b5m"},{"@type":"BreadcrumbList","@id":"https:\/\/wiremesh-protec.de\/en\/application\/mining\/#breadcrumb","itemListElement":[{"@type":"ListItem","position":1,"name":"Home","item":"https:\/\/wiremesh-protec.de\/en\/"},{"@type":"ListItem","position":2,"name":"Application","item":"https:\/\/wiremesh-protec.de\/en\/application\/"},{"@type":"ListItem","position":3,"name":"Mining"}]},{"@type":"WebSite","@id":"https:\/\/wiremesh-protec.de\/en\/#website","url":"https:\/\/wiremesh-protec.de\/en\/","name":"Wiremesh-ProTec","description":"","publisher":{"@id":"https:\/\/wiremesh-protec.de\/en\/#organization"},"potentialAction":[{"@type":"SearchAction","target":{"@type":"EntryPoint","urlTemplate":"https:\/\/wiremesh-protec.de\/en\/?s={search_term_string}"},"query-input":{"@type":"PropertyValueSpecification","valueRequired":true,"valueName":"search_term_string"}}],"inLanguage":"en-US"},{"@type":"Organization","@id":"https:\/\/wiremesh-protec.de\/en\/#organization","name":"Wiremesh ProTec GmbH","url":"https:\/\/wiremesh-protec.de\/en\/","logo":{"@type":"ImageObject","inLanguage":"en-US","@id":"https:\/\/wiremesh-protec.de\/en\/#\/schema\/logo\/image\/","url":"https:\/\/redesign.wiremesh-protec.de\/wp-content\/uploads\/2021\/07\/wiremesh-protec-logo.jpg","contentUrl":"https:\/\/redesign.wiremesh-protec.de\/wp-content\/uploads\/2021\/07\/wiremesh-protec-logo.jpg","width":500,"height":500,"caption":"Wiremesh ProTec GmbH"},"image":{"@id":"https:\/\/wiremesh-protec.de\/en\/#\/schema\/logo\/image\/"}}]}},"_links":{"self":[{"href":"https:\/\/wiremesh-protec.de\/en\/wp-json\/wp\/v2\/pages\/1077","targetHints":{"allow":["GET"]}}],"collection":[{"href":"https:\/\/wiremesh-protec.de\/en\/wp-json\/wp\/v2\/pages"}],"about":[{"href":"https:\/\/wiremesh-protec.de\/en\/wp-json\/wp\/v2\/types\/page"}],"author":[{"embeddable":true,"href":"https:\/\/wiremesh-protec.de\/en\/wp-json\/wp\/v2\/users\/1"}],"replies":[{"embeddable":true,"href":"https:\/\/wiremesh-protec.de\/en\/wp-json\/wp\/v2\/comments?post=1077"}],"version-history":[{"count":4,"href":"https:\/\/wiremesh-protec.de\/en\/wp-json\/wp\/v2\/pages\/1077\/revisions"}],"predecessor-version":[{"id":2225,"href":"https:\/\/wiremesh-protec.de\/en\/wp-json\/wp\/v2\/pages\/1077\/revisions\/2225"}],"up":[{"embeddable":true,"href":"https:\/\/wiremesh-protec.de\/en\/wp-json\/wp\/v2\/pages\/1579"}],"wp:featuredmedia":[{"embeddable":true,"href":"https:\/\/wiremesh-protec.de\/en\/wp-json\/wp\/v2\/media\/2208"}],"wp:attachment":[{"href":"https:\/\/wiremesh-protec.de\/en\/wp-json\/wp\/v2\/media?parent=1077"}],"curies":[{"name":"wp","href":"https:\/\/api.w.org\/{rel}","templated":true}]}}