{"id":1073,"date":"2021-07-08T23:10:33","date_gmt":"2021-07-08T23:10:33","guid":{"rendered":"https:\/\/redesign.wiremesh-protec.de\/products\/filters\/automobilindustrie\/"},"modified":"2021-08-22T21:11:33","modified_gmt":"2021-08-22T21:11:33","slug":"automotive","status":"publish","type":"page","link":"https:\/\/wiremesh-protec.de\/en\/products\/filters\/automotive\/","title":{"rendered":"Automotive"},"content":{"rendered":"<p>There is hardly another sector where supplier requirements are higher than in the automotive industry. We know the challenges very well. Our experienced team is perfectly familiar with comprehensively checking and documenting the product and supplier quality processes.<\/p>\n<h2>Fields of application<\/h2>\n","protected":false},"excerpt":{"rendered":"<p>There is hardly another sector where supplier requirements are higher than in the automotive industry. We know the challenges very well. Our experienced team is perfectly familiar with comprehensively checking and documenting the product and supplier quality processes. Fields of application<\/p>\n","protected":false},"author":1,"featured_media":286,"parent":1066,"menu_order":0,"comment_status":"closed","ping_status":"closed","template":"","meta":{"_acf_changed":false,"footnotes":""},"class_list":["post-1073","page","type-page","status-publish","has-post-thumbnail","hentry"],"acf":[],"yoast_head":"<!-- This site is optimized with the Yoast SEO plugin v25.7 - https:\/\/yoast.com\/wordpress\/plugins\/seo\/ -->\n<title>Automotive - Wiremesh-ProTec - Filtertechnik<\/title>\n<meta name=\"description\" content=\"Wiremesh\u2013ProTec GmbH verf\u00fcgt \u00fcber langj\u00e4hrige Erfahrung, exzellente Branchenkenntnisse und ist bestens vertraut mit zahlreichen Einsatzbereichen.\" \/>\n<meta name=\"robots\" content=\"index, follow, max-snippet:-1, max-image-preview:large, max-video-preview:-1\" \/>\n<link rel=\"canonical\" href=\"https:\/\/wiremesh-protec.de\/en\/products\/filters\/automotive\/\" \/>\n<meta property=\"og:locale\" content=\"en_US\" \/>\n<meta property=\"og:type\" content=\"article\" \/>\n<meta property=\"og:title\" content=\"Automotive - Wiremesh-ProTec - Filtertechnik\" \/>\n<meta property=\"og:description\" content=\"Wiremesh\u2013ProTec GmbH verf\u00fcgt \u00fcber langj\u00e4hrige Erfahrung, exzellente Branchenkenntnisse und ist bestens vertraut mit zahlreichen Einsatzbereichen.\" \/>\n<meta property=\"og:url\" content=\"https:\/\/wiremesh-protec.de\/en\/products\/filters\/automotive\/\" \/>\n<meta property=\"og:site_name\" content=\"Wiremesh-ProTec\" \/>\n<meta property=\"article:modified_time\" content=\"2021-08-22T21:11:33+00:00\" \/>\n<meta property=\"og:image\" content=\"https:\/\/wiremesh-protec.de\/wp-content\/uploads\/2021\/07\/automobil-filter.jpeg\" \/>\n\t<meta property=\"og:image:width\" content=\"1099\" \/>\n\t<meta property=\"og:image:height\" content=\"221\" \/>\n\t<meta property=\"og:image:type\" content=\"image\/jpeg\" \/>\n<meta name=\"twitter:card\" content=\"summary_large_image\" \/>\n<script type=\"application\/ld+json\" class=\"yoast-schema-graph\">{\"@context\":\"https:\/\/schema.org\",\"@graph\":[{\"@type\":\"WebPage\",\"@id\":\"https:\/\/wiremesh-protec.de\/en\/products\/filters\/automotive\/\",\"url\":\"https:\/\/wiremesh-protec.de\/en\/products\/filters\/automotive\/\",\"name\":\"Automotive - Wiremesh-ProTec - Filtertechnik\",\"isPartOf\":{\"@id\":\"https:\/\/wiremesh-protec.de\/en\/#website\"},\"primaryImageOfPage\":{\"@id\":\"https:\/\/wiremesh-protec.de\/en\/products\/filters\/automotive\/#primaryimage\"},\"image\":{\"@id\":\"https:\/\/wiremesh-protec.de\/en\/products\/filters\/automotive\/#primaryimage\"},\"thumbnailUrl\":\"https:\/\/wiremesh-protec.de\/wp-content\/uploads\/2021\/07\/automobil-filter.jpeg\",\"datePublished\":\"2021-07-08T23:10:33+00:00\",\"dateModified\":\"2021-08-22T21:11:33+00:00\",\"description\":\"Wiremesh\u2013ProTec GmbH verf\u00fcgt \u00fcber langj\u00e4hrige Erfahrung, exzellente Branchenkenntnisse und ist bestens vertraut mit zahlreichen Einsatzbereichen.\",\"breadcrumb\":{\"@id\":\"https:\/\/wiremesh-protec.de\/en\/products\/filters\/automotive\/#breadcrumb\"},\"inLanguage\":\"en-US\",\"potentialAction\":[{\"@type\":\"ReadAction\",\"target\":[\"https:\/\/wiremesh-protec.de\/en\/products\/filters\/automotive\/\"]}]},{\"@type\":\"ImageObject\",\"inLanguage\":\"en-US\",\"@id\":\"https:\/\/wiremesh-protec.de\/en\/products\/filters\/automotive\/#primaryimage\",\"url\":\"https:\/\/wiremesh-protec.de\/wp-content\/uploads\/2021\/07\/automobil-filter.jpeg\",\"contentUrl\":\"https:\/\/wiremesh-protec.de\/wp-content\/uploads\/2021\/07\/automobil-filter.jpeg\",\"width\":1099,\"height\":221,\"caption\":\"Automobil Filter\"},{\"@type\":\"BreadcrumbList\",\"@id\":\"https:\/\/wiremesh-protec.de\/en\/products\/filters\/automotive\/#breadcrumb\",\"itemListElement\":[{\"@type\":\"ListItem\",\"position\":1,\"name\":\"Home\",\"item\":\"https:\/\/wiremesh-protec.de\/en\/\"},{\"@type\":\"ListItem\",\"position\":2,\"name\":\"Products\",\"item\":\"https:\/\/wiremesh-protec.de\/en\/products\/\"},{\"@type\":\"ListItem\",\"position\":3,\"name\":\"Filters\",\"item\":\"https:\/\/wiremesh-protec.de\/en\/products\/filters\/\"},{\"@type\":\"ListItem\",\"position\":4,\"name\":\"Automotive\"}]},{\"@type\":\"WebSite\",\"@id\":\"https:\/\/wiremesh-protec.de\/en\/#website\",\"url\":\"https:\/\/wiremesh-protec.de\/en\/\",\"name\":\"Wiremesh-ProTec\",\"description\":\"\",\"publisher\":{\"@id\":\"https:\/\/wiremesh-protec.de\/en\/#organization\"},\"potentialAction\":[{\"@type\":\"SearchAction\",\"target\":{\"@type\":\"EntryPoint\",\"urlTemplate\":\"https:\/\/wiremesh-protec.de\/en\/?s={search_term_string}\"},\"query-input\":{\"@type\":\"PropertyValueSpecification\",\"valueRequired\":true,\"valueName\":\"search_term_string\"}}],\"inLanguage\":\"en-US\"},{\"@type\":\"Organization\",\"@id\":\"https:\/\/wiremesh-protec.de\/en\/#organization\",\"name\":\"Wiremesh ProTec GmbH\",\"url\":\"https:\/\/wiremesh-protec.de\/en\/\",\"logo\":{\"@type\":\"ImageObject\",\"inLanguage\":\"en-US\",\"@id\":\"https:\/\/wiremesh-protec.de\/en\/#\/schema\/logo\/image\/\",\"url\":\"https:\/\/redesign.wiremesh-protec.de\/wp-content\/uploads\/2021\/07\/wiremesh-protec-logo.jpg\",\"contentUrl\":\"https:\/\/redesign.wiremesh-protec.de\/wp-content\/uploads\/2021\/07\/wiremesh-protec-logo.jpg\",\"width\":500,\"height\":500,\"caption\":\"Wiremesh ProTec GmbH\"},\"image\":{\"@id\":\"https:\/\/wiremesh-protec.de\/en\/#\/schema\/logo\/image\/\"}}]}<\/script>\n<!-- \/ Yoast SEO plugin. -->","yoast_head_json":{"title":"Automotive - Wiremesh-ProTec - Filtertechnik","description":"Wiremesh\u2013ProTec GmbH verf\u00fcgt \u00fcber langj\u00e4hrige Erfahrung, exzellente Branchenkenntnisse und ist bestens vertraut mit zahlreichen Einsatzbereichen.","robots":{"index":"index","follow":"follow","max-snippet":"max-snippet:-1","max-image-preview":"max-image-preview:large","max-video-preview":"max-video-preview:-1"},"canonical":"https:\/\/wiremesh-protec.de\/en\/products\/filters\/automotive\/","og_locale":"en_US","og_type":"article","og_title":"Automotive - Wiremesh-ProTec - Filtertechnik","og_description":"Wiremesh\u2013ProTec GmbH verf\u00fcgt \u00fcber langj\u00e4hrige Erfahrung, exzellente Branchenkenntnisse und ist bestens vertraut mit zahlreichen Einsatzbereichen.","og_url":"https:\/\/wiremesh-protec.de\/en\/products\/filters\/automotive\/","og_site_name":"Wiremesh-ProTec","article_modified_time":"2021-08-22T21:11:33+00:00","og_image":[{"width":1099,"height":221,"url":"https:\/\/wiremesh-protec.de\/wp-content\/uploads\/2021\/07\/automobil-filter.jpeg","type":"image\/jpeg"}],"twitter_card":"summary_large_image","schema":{"@context":"https:\/\/schema.org","@graph":[{"@type":"WebPage","@id":"https:\/\/wiremesh-protec.de\/en\/products\/filters\/automotive\/","url":"https:\/\/wiremesh-protec.de\/en\/products\/filters\/automotive\/","name":"Automotive - Wiremesh-ProTec - Filtertechnik","isPartOf":{"@id":"https:\/\/wiremesh-protec.de\/en\/#website"},"primaryImageOfPage":{"@id":"https:\/\/wiremesh-protec.de\/en\/products\/filters\/automotive\/#primaryimage"},"image":{"@id":"https:\/\/wiremesh-protec.de\/en\/products\/filters\/automotive\/#primaryimage"},"thumbnailUrl":"https:\/\/wiremesh-protec.de\/wp-content\/uploads\/2021\/07\/automobil-filter.jpeg","datePublished":"2021-07-08T23:10:33+00:00","dateModified":"2021-08-22T21:11:33+00:00","description":"Wiremesh\u2013ProTec GmbH verf\u00fcgt \u00fcber langj\u00e4hrige Erfahrung, exzellente Branchenkenntnisse und ist bestens vertraut mit zahlreichen Einsatzbereichen.","breadcrumb":{"@id":"https:\/\/wiremesh-protec.de\/en\/products\/filters\/automotive\/#breadcrumb"},"inLanguage":"en-US","potentialAction":[{"@type":"ReadAction","target":["https:\/\/wiremesh-protec.de\/en\/products\/filters\/automotive\/"]}]},{"@type":"ImageObject","inLanguage":"en-US","@id":"https:\/\/wiremesh-protec.de\/en\/products\/filters\/automotive\/#primaryimage","url":"https:\/\/wiremesh-protec.de\/wp-content\/uploads\/2021\/07\/automobil-filter.jpeg","contentUrl":"https:\/\/wiremesh-protec.de\/wp-content\/uploads\/2021\/07\/automobil-filter.jpeg","width":1099,"height":221,"caption":"Automobil Filter"},{"@type":"BreadcrumbList","@id":"https:\/\/wiremesh-protec.de\/en\/products\/filters\/automotive\/#breadcrumb","itemListElement":[{"@type":"ListItem","position":1,"name":"Home","item":"https:\/\/wiremesh-protec.de\/en\/"},{"@type":"ListItem","position":2,"name":"Products","item":"https:\/\/wiremesh-protec.de\/en\/products\/"},{"@type":"ListItem","position":3,"name":"Filters","item":"https:\/\/wiremesh-protec.de\/en\/products\/filters\/"},{"@type":"ListItem","position":4,"name":"Automotive"}]},{"@type":"WebSite","@id":"https:\/\/wiremesh-protec.de\/en\/#website","url":"https:\/\/wiremesh-protec.de\/en\/","name":"Wiremesh-ProTec","description":"","publisher":{"@id":"https:\/\/wiremesh-protec.de\/en\/#organization"},"potentialAction":[{"@type":"SearchAction","target":{"@type":"EntryPoint","urlTemplate":"https:\/\/wiremesh-protec.de\/en\/?s={search_term_string}"},"query-input":{"@type":"PropertyValueSpecification","valueRequired":true,"valueName":"search_term_string"}}],"inLanguage":"en-US"},{"@type":"Organization","@id":"https:\/\/wiremesh-protec.de\/en\/#organization","name":"Wiremesh ProTec GmbH","url":"https:\/\/wiremesh-protec.de\/en\/","logo":{"@type":"ImageObject","inLanguage":"en-US","@id":"https:\/\/wiremesh-protec.de\/en\/#\/schema\/logo\/image\/","url":"https:\/\/redesign.wiremesh-protec.de\/wp-content\/uploads\/2021\/07\/wiremesh-protec-logo.jpg","contentUrl":"https:\/\/redesign.wiremesh-protec.de\/wp-content\/uploads\/2021\/07\/wiremesh-protec-logo.jpg","width":500,"height":500,"caption":"Wiremesh ProTec GmbH"},"image":{"@id":"https:\/\/wiremesh-protec.de\/en\/#\/schema\/logo\/image\/"}}]}},"_links":{"self":[{"href":"https:\/\/wiremesh-protec.de\/en\/wp-json\/wp\/v2\/pages\/1073","targetHints":{"allow":["GET"]}}],"collection":[{"href":"https:\/\/wiremesh-protec.de\/en\/wp-json\/wp\/v2\/pages"}],"about":[{"href":"https:\/\/wiremesh-protec.de\/en\/wp-json\/wp\/v2\/types\/page"}],"author":[{"embeddable":true,"href":"https:\/\/wiremesh-protec.de\/en\/wp-json\/wp\/v2\/users\/1"}],"replies":[{"embeddable":true,"href":"https:\/\/wiremesh-protec.de\/en\/wp-json\/wp\/v2\/comments?post=1073"}],"version-history":[{"count":2,"href":"https:\/\/wiremesh-protec.de\/en\/wp-json\/wp\/v2\/pages\/1073\/revisions"}],"predecessor-version":[{"id":1075,"href":"https:\/\/wiremesh-protec.de\/en\/wp-json\/wp\/v2\/pages\/1073\/revisions\/1075"}],"up":[{"embeddable":true,"href":"https:\/\/wiremesh-protec.de\/en\/wp-json\/wp\/v2\/pages\/1066"}],"wp:featuredmedia":[{"embeddable":true,"href":"https:\/\/wiremesh-protec.de\/en\/wp-json\/wp\/v2\/media\/286"}],"wp:attachment":[{"href":"https:\/\/wiremesh-protec.de\/en\/wp-json\/wp\/v2\/media?parent=1073"}],"curies":[{"name":"wp","href":"https:\/\/api.w.org\/{rel}","templated":true}]}}